{"id":35,"date":"2025-07-21T12:25:51","date_gmt":"2025-07-21T12:25:51","guid":{"rendered":"https:\/\/weronikaflorian.pl\/?page_id=35"},"modified":"2025-09-24T15:23:20","modified_gmt":"2025-09-24T15:23:20","slug":"o-mnie","status":"publish","type":"page","link":"https:\/\/weronikaflorian.pl\/index.php\/o-mnie\/","title":{"rendered":"O mnie"},"content":{"rendered":"\n<div class=\"wp-block-cover has-aspect-ratio\" style=\"padding-top:var(--wp--preset--spacing--superbspacing-xxlarge);padding-right:0;padding-bottom:var(--wp--preset--spacing--superbspacing-xxlarge);padding-left:0;min-height:542px;aspect-ratio:auto;min-height:unset;\"><img loading=\"lazy\" decoding=\"async\" width=\"683\" height=\"1024\" class=\"wp-block-cover__image-background wp-image-20 size-large\" alt=\"\" src=\"https:\/\/weronikaflorian.pl\/wp-content\/uploads\/2025\/07\/650CD237-14F6-4B64-8468-5355B13BB057-683x1024.jpeg\" style=\"object-position:45% 19%\" data-object-fit=\"cover\" data-object-position=\"45% 19%\" srcset=\"https:\/\/weronikaflorian.pl\/wp-content\/uploads\/2025\/07\/650CD237-14F6-4B64-8468-5355B13BB057-683x1024.jpeg 683w, https:\/\/weronikaflorian.pl\/wp-content\/uploads\/2025\/07\/650CD237-14F6-4B64-8468-5355B13BB057-200x300.jpeg 200w, https:\/\/weronikaflorian.pl\/wp-content\/uploads\/2025\/07\/650CD237-14F6-4B64-8468-5355B13BB057-768x1152.jpeg 768w, https:\/\/weronikaflorian.pl\/wp-content\/uploads\/2025\/07\/650CD237-14F6-4B64-8468-5355B13BB057-1024x1536.jpeg 1024w, https:\/\/weronikaflorian.pl\/wp-content\/uploads\/2025\/07\/650CD237-14F6-4B64-8468-5355B13BB057-1365x2048.jpeg 1365w, https:\/\/weronikaflorian.pl\/wp-content\/uploads\/2025\/07\/650CD237-14F6-4B64-8468-5355B13BB057.jpeg 1440w\" sizes=\"auto, (max-width: 683px) 100vw, 683px\" \/><span aria-hidden=\"true\" class=\"wp-block-cover__background has-contrast-dark-background-color has-background-dim-40 has-background-dim\"><\/span><div class=\"wp-block-cover__inner-container is-layout-flow wp-block-cover-is-layout-flow\">\n<div class=\"wp-block-group has-global-padding is-layout-constrained wp-container-core-group-is-layout-19f910d9 wp-block-group-is-layout-constrained\" style=\"padding-top:var(--wp--preset--spacing--superbspacing-medium);padding-right:var(--wp--preset--spacing--superbspacing-small);padding-bottom:var(--wp--preset--spacing--superbspacing-medium);padding-left:var(--wp--preset--spacing--superbspacing-small)\">\n<div class=\"wp-block-group has-global-padding is-content-justification-center is-layout-constrained wp-container-core-group-is-layout-1238f6da wp-block-group-is-layout-constrained\" style=\"margin-top:0;margin-bottom:0;padding-bottom:0\">\n<h1 superb-addons-animation=\"zoomInUp\" class=\"wp-block-heading has-text-align-center has-text-color has-superbfont-xxlarge-font-size\" style=\"color:#fdfdfd;font-style:normal;font-weight:400;text-transform:uppercase;opacity: 0;\">Cze\u015b\u0107!<\/h1>\n\n\n\n<p superb-addons-animation=\"zoomInUp\" class=\"has-text-align-center has-text-color has-superbfont-small-font-size\" style=\"color:#fdfdfd;opacity: 0;\">Tu Weronika. Trenuj\u0119 ludzi, kt\u00f3rzy maj\u0105 pe\u0142en grafik: praca, dzieci, obiad, pranie,<br>a gdzie\u015b pomi\u0119dzy chc\u0105 zadba\u0107 o siebie\u2026 i nie zwariowa\u0107.Pomagam budowa\u0107 si\u0142\u0119 (nie tylko fizyczn\u0105), ogarnia\u0107 technik\u0119, poprawi\u0107 kondycj\u0119 i czu\u0107 si\u0119 pewniej na si\u0142owni. Bez presji, wy\u015bcigu i por\u00f3wna\u0144 z Instagramem. Trenujemy m\u0105drze, a nie na o\u015blep. Bez spiny, ale z efektem.<\/p>\n\n\n\n<p superb-addons-animation=\"zoomInUp\" class=\"has-text-align-center has-text-color has-superbfont-small-font-size\" style=\"color:#fdfdfd;opacity: 0;\">Sama jestem trenerk\u0105 personaln\u0105 i zawodniczk\u0105 podnoszenia ci\u0119\u017car\u00f3w (kategoria Masters, czyli si\u0142a w wersji dojrza\u0142ej), z ponad 15-letnim do\u015bwiadczeniem<br>w sporcie.<\/p>\n\n\n\n<div superb-addons-animation=\"fadeInLeft\" class=\"wp-block-buttons is-content-justification-center is-layout-flex wp-container-core-buttons-is-layout-a44ac21b wp-block-buttons-is-layout-flex\" style=\"margin-top:var(--wp--preset--spacing--superbspacing-small);opacity: 0;\"><\/div>\n<\/div>\n<\/div>\n<\/div><\/div>\n\n\n\n<div superb-addons-animation=\"fadeInLeft\" class=\"wp-block-group alignfull is-style-default has-mono-4-background-color has-background has-global-padding is-layout-constrained wp-container-core-group-is-layout-dd92fe20 wp-block-group-is-layout-constrained\" style=\"margin-top:0;margin-bottom:0;padding-top:var(--wp--preset--spacing--superbspacing-large);padding-right:var(--wp--preset--spacing--superbspacing-small);padding-bottom:var(--wp--preset--spacing--superbspacing-large);padding-left:var(--wp--preset--spacing--superbspacing-small);opacity: 0;\">\n<div class=\"wp-block-columns alignwide is-layout-flex wp-container-core-columns-is-layout-139c9032 wp-block-columns-is-layout-flex\" style=\"padding-top:0;padding-right:0;padding-bottom:0;padding-left:0\">\n<div class=\"wp-block-column is-vertically-aligned-center is-layout-flow wp-container-core-column-is-layout-40a2a7e8 wp-block-column-is-layout-flow\" style=\"padding-right:0;padding-bottom:0;padding-left:0\">\n<figure class=\"wp-block-image size-large is-resized has-custom-border\"><img loading=\"lazy\" decoding=\"async\" width=\"684\" height=\"1024\" src=\"https:\/\/weronikaflorian.pl\/wp-content\/uploads\/2025\/07\/IMG_2087-684x1024.jpeg\" alt=\"\" class=\"wp-image-36\" style=\"border-radius:0px;object-fit:cover;width:1000px;height:1000px\" srcset=\"https:\/\/weronikaflorian.pl\/wp-content\/uploads\/2025\/07\/IMG_2087-684x1024.jpeg 684w, https:\/\/weronikaflorian.pl\/wp-content\/uploads\/2025\/07\/IMG_2087-200x300.jpeg 200w, https:\/\/weronikaflorian.pl\/wp-content\/uploads\/2025\/07\/IMG_2087-768x1151.jpeg 768w, https:\/\/weronikaflorian.pl\/wp-content\/uploads\/2025\/07\/IMG_2087-1025x1536.jpeg 1025w, https:\/\/weronikaflorian.pl\/wp-content\/uploads\/2025\/07\/IMG_2087-1367x2048.jpeg 1367w, https:\/\/weronikaflorian.pl\/wp-content\/uploads\/2025\/07\/IMG_2087-scaled.jpeg 1709w\" sizes=\"auto, (max-width: 684px) 100vw, 684px\" \/><\/figure>\n<\/div>\n\n\n\n<div class=\"wp-block-column is-vertically-aligned-center is-layout-flow wp-container-core-column-is-layout-a1628350 wp-block-column-is-layout-flow\" style=\"padding-top:0;padding-right:0;padding-bottom:0;padding-left:0\">\n<div class=\"wp-block-group is-layout-flow wp-container-core-group-is-layout-ff697075 wp-block-group-is-layout-flow\">\n<h3 class=\"wp-block-heading has-text-align-left has-superbfont-xlarge-font-size\" style=\"line-height:1.2\">TO JA!<\/h3>\n\n\n\n<p class=\"has-text-align-center has-mono-2-color has-text-color has-superbfont-small-font-size\">Pomagam budowa\u0107 si\u0142\u0119 (nie tylko fizyczn\u0105), ogarnia\u0107 technik\u0119, poprawi\u0107 kondycj\u0119 i czu\u0107 si\u0119 pewniej na si\u0142owni. Bez presji, wy\u015bcigu i por\u00f3wna\u0144 z Instagramem. Trenujemy m\u0105drze, a nie na o\u015blep. Bez spiny, ale z efektem.<\/p>\n\n\n\n<p class=\"has-text-align-center has-mono-2-color has-text-color has-superbfont-small-font-size\">Sama jestem trenerk\u0105 personaln\u0105 i zawodniczk\u0105 podnoszenia ci\u0119\u017car\u00f3w (kategoria Masters, czyli si\u0142a w wersji dojrza\u0142ej \ud83d\ude0e), z ponad 15-letnim do\u015bwiadczeniem w sporcie.<\/p>\n<\/div>\n\n\n\n<div class=\"wp-block-buttons is-layout-flex wp-block-buttons-is-layout-flex\"><\/div>\n<\/div>\n<\/div>\n\n\n\n<div class=\"wp-block-buttons is-layout-flex wp-block-buttons-is-layout-flex\"><\/div>\n<\/div>\n\n\n\n<div superb-addons-animation=\"fadeInLeft\" class=\"wp-block-group alignfull has-mono-4-background-color has-background has-global-padding is-layout-constrained wp-container-core-group-is-layout-8bbd0b3b wp-block-group-is-layout-constrained\" style=\"margin-top:0;margin-bottom:0;padding-top:var(--wp--preset--spacing--superbspacing-large);padding-right:var(--wp--preset--spacing--superbspacing-small);padding-bottom:var(--wp--preset--spacing--superbspacing-large);padding-left:var(--wp--preset--spacing--superbspacing-small);opacity: 0;\">\n<div class=\"wp-block-columns alignwide is-layout-flex wp-container-core-columns-is-layout-139c9032 wp-block-columns-is-layout-flex\" style=\"padding-top:0;padding-right:0;padding-bottom:0;padding-left:0\">\n<div class=\"wp-block-column is-vertically-aligned-center is-layout-flow wp-container-core-column-is-layout-a1628350 wp-block-column-is-layout-flow\" style=\"padding-top:0;padding-right:0;padding-bottom:0;padding-left:0\">\n<div class=\"wp-block-group is-layout-flow wp-container-core-group-is-layout-ff697075 wp-block-group-is-layout-flow\">\n<p class=\"has-text-align-left has-mono-2-color has-text-color has-superbfont-small-font-size\">Sport towarzyszy mi od dziecka. Biega\u0142am, p\u0142ywa\u0142am, uprawia\u0142am lekkoatletyk\u0119 i gra\u0142am zespo\u0142owo. Przez 4 lata studiowa\u0142am na Akademii Wychowania Fizycznego we Wroc\u0142awiu, zdobywaj\u0105c solidn\u0105 wiedz\u0119 z zakresu treningu, anatomii, fizjologii i metodyki nauczania wychowania fizycznego. Cho\u0107 z powod\u00f3w osobistych musia\u0142am przerwa\u0107 studia, ta wiedza s\u0142u\u017cy mi codziennie w pracy z podopiecznymi.<\/p>\n\n\n\n<p class=\"has-mono-2-color has-text-color has-link-color wp-elements-41da2f847e48a4f29fa6ed9ba9177c58\">Jestem zawodniczk\u0105 podnoszenia ci\u0119\u017car\u00f3w w kategorii Masters, trenerk\u0105 personaln\u0105, instruktork\u0105 si\u0142owni oraz instruktork\u0105 podnoszenia ci\u0119\u017car\u00f3w. Uko\u0144czy\u0142am kilka szkole\u0144 z dwuboju olimpijskiego pod okiem polskich olimpijczyk\u00f3w i wielokrotnych mistrz\u00f3w Polski. Dodatkowo zdoby\u0142am certyfikat z treningu Kettlebell , pog\u0142\u0119biaj\u0105c wiedz\u0119 i umiej\u0119tno\u015bci w pracy z odwa\u017cnikami kulowymi, a tak\u017ce bra\u0142am udzia\u0142 w warsztatach z gimnastyki, kt\u00f3re wzbogaci\u0142y m\u00f3j warsztat o elementy pracy z mas\u0105 cia\u0142a, kontrol\u0119 ruchu i mobilno\u015b\u0107.<\/p>\n\n\n\n<p class=\"has-mono-2-color has-text-color has-link-color wp-elements-1b0409c3f0f53c0b30189fc216748745\">Bra\u0142am udzia\u0142 w wielu kursach z zakresu treningu przekrojowego, r\u00f3\u017cnych metod treningowych oraz dietetyki.<\/p>\n\n\n\n<p class=\"has-text-align-center has-mono-2-color has-text-color has-superbfont-small-font-size\"><strong>\u201eSi\u0142a bez techniki to chaos. Technika bez si\u0142y to potencja\u0142. Razem to pot\u0119ga.\u201d<\/strong><\/p>\n<\/div>\n<\/div>\n<\/div>\n<\/div>\n\n\n\n<div superb-addons-animation=\"fadeInLeft\" class=\"wp-block-group alignfull has-global-padding is-layout-constrained wp-container-core-group-is-layout-4aa643fe wp-block-group-is-layout-constrained\" style=\"margin-top:0;margin-bottom:0;padding-top:var(--wp--preset--spacing--superbspacing-large);padding-right:var(--wp--preset--spacing--superbspacing-small);padding-bottom:var(--wp--preset--spacing--superbspacing-large);padding-left:var(--wp--preset--spacing--superbspacing-small);opacity: 0;\">\n<div class=\"wp-block-cover alignwide\" style=\"border-radius:0px\"><img loading=\"lazy\" decoding=\"async\" width=\"1024\" height=\"685\" class=\"wp-block-cover__image-background wp-image-29 size-large\" alt=\"\" src=\"https:\/\/weronikaflorian.pl\/wp-content\/uploads\/2025\/07\/7E1FCDFD-2309-4BA0-B985-1EE5374AC6A1-1024x685.jpeg\" data-object-fit=\"cover\" srcset=\"https:\/\/weronikaflorian.pl\/wp-content\/uploads\/2025\/07\/7E1FCDFD-2309-4BA0-B985-1EE5374AC6A1-1024x685.jpeg 1024w, https:\/\/weronikaflorian.pl\/wp-content\/uploads\/2025\/07\/7E1FCDFD-2309-4BA0-B985-1EE5374AC6A1-300x201.jpeg 300w, https:\/\/weronikaflorian.pl\/wp-content\/uploads\/2025\/07\/7E1FCDFD-2309-4BA0-B985-1EE5374AC6A1-768x513.jpeg 768w, https:\/\/weronikaflorian.pl\/wp-content\/uploads\/2025\/07\/7E1FCDFD-2309-4BA0-B985-1EE5374AC6A1.jpeg 1080w\" sizes=\"auto, (max-width: 1024px) 100vw, 1024px\" \/><span aria-hidden=\"true\" class=\"wp-block-cover__background has-contrast-dark-background-color has-background-dim-40 has-background-dim\"><\/span><div class=\"wp-block-cover__inner-container is-layout-flow wp-block-cover-is-layout-flow\">\n<div class=\"wp-block-group alignwide is-vertical is-content-justification-center is-layout-flex wp-container-core-group-is-layout-bd439ebe wp-block-group-is-layout-flex\" style=\"border-radius:20px;padding-top:var(--wp--preset--spacing--superbspacing-xxlarge);padding-right:var(--wp--preset--spacing--superbspacing-xsmall);padding-bottom:var(--wp--preset--spacing--superbspacing-xxlarge);padding-left:var(--wp--preset--spacing--superbspacing-xsmall)\">\n<div class=\"wp-block-group has-global-padding is-layout-constrained wp-container-core-group-is-layout-85cc789f wp-block-group-is-layout-constrained\">\n<p class=\"has-text-align-center\" style=\"font-size:clamp(15.747px, 0.984rem + ((1vw - 3.2px) * 0.938), 24px);\">KONTAKT<\/p>\n\n\n\n<h1 class=\"wp-block-heading has-text-align-center has-contrast-light-color has-text-color has-superbfont-xxlarge-font-size\">NAPISZ I ZACZNIJ SWOJ\u0104 ZMIAN\u0118<\/h1>\n\n\n\n<p class=\"has-text-align-center has-contrast-light-color has-text-color has-superbfont-medium-font-size\">Napisz mail, znajd\u017a na social mediach lub napisz przez formularz kontaktowy!<\/p>\n<\/div>\n\n\n\n<div class=\"wp-block-buttons wp-container-content-9cfa9a5a is-content-justification-center is-layout-flex wp-container-core-buttons-is-layout-9b2276be wp-block-buttons-is-layout-flex\">\n<div class=\"wp-block-button is-style-outline is-style-outline--1\"><a class=\"wp-block-button__link has-contrast-light-color has-text-color has-link-color has-border-color has-contrast-light-border-color has-superbfont-small-font-size has-custom-font-size wp-element-button\" href=\"https:\/\/www.facebook.com\/weronika.florian\" style=\"border-width:1px\">FACEBOOK<\/a><\/div>\n\n\n\n<div class=\"wp-block-button is-style-outline is-style-outline--2\"><a class=\"wp-block-button__link has-contrast-light-color has-mono-2-background-color has-text-color has-background has-link-color has-superbfont-small-font-size has-custom-font-size wp-element-button\" href=\"https:\/\/www.instagram.com\/wf_dzik\" style=\"border-width:1px\">INSTAGRAM<\/a><\/div>\n\n\n\n<div class=\"wp-block-button is-style-outline is-style-outline--3\"><a class=\"wp-block-button__link has-contrast-dark-color has-contrast-light-background-color has-text-color has-background has-link-color has-superbfont-small-font-size has-custom-font-size wp-element-button\" href=\"http:\/\/www.weronikaflorian.pl\/kontakt\">KONTAKT<\/a><\/div>\n<\/div>\n<\/div>\n<\/div><\/div>\n<\/div>\n","protected":false},"excerpt":{"rendered":"<p>TO JA! Pomagam budowa\u0107 si\u0142\u0119 (nie tylko fizyczn\u0105), ogarnia\u0107 technik\u0119, poprawi\u0107 kondycj\u0119 i czu\u0107 si\u0119 pewniej na si\u0142owni. Bez presji, wy\u015bcigu i por\u00f3wna\u0144 z Instagramem. Trenujemy m\u0105drze, a nie na o\u015blep. Bez spiny, ale z efektem. Sama jestem trenerk\u0105 personaln\u0105 i zawodniczk\u0105 podnoszenia ci\u0119\u017car\u00f3w (kategoria Masters, czyli si\u0142a w wersji dojrza\u0142ej \ud83d\ude0e), z ponad 15-letnim [&hellip;]<\/p>\n","protected":false},"author":1,"featured_media":0,"parent":0,"menu_order":0,"comment_status":"closed","ping_status":"closed","template":"page-full-width","meta":{"footnotes":""},"class_list":["post-35","page","type-page","status-publish","hentry"],"_links":{"self":[{"href":"https:\/\/weronikaflorian.pl\/index.php\/wp-json\/wp\/v2\/pages\/35","targetHints":{"allow":["GET"]}}],"collection":[{"href":"https:\/\/weronikaflorian.pl\/index.php\/wp-json\/wp\/v2\/pages"}],"about":[{"href":"https:\/\/weronikaflorian.pl\/index.php\/wp-json\/wp\/v2\/types\/page"}],"author":[{"embeddable":true,"href":"https:\/\/weronikaflorian.pl\/index.php\/wp-json\/wp\/v2\/users\/1"}],"replies":[{"embeddable":true,"href":"https:\/\/weronikaflorian.pl\/index.php\/wp-json\/wp\/v2\/comments?post=35"}],"version-history":[{"count":7,"href":"https:\/\/weronikaflorian.pl\/index.php\/wp-json\/wp\/v2\/pages\/35\/revisions"}],"predecessor-version":[{"id":90,"href":"https:\/\/weronikaflorian.pl\/index.php\/wp-json\/wp\/v2\/pages\/35\/revisions\/90"}],"wp:attachment":[{"href":"https:\/\/weronikaflorian.pl\/index.php\/wp-json\/wp\/v2\/media?parent=35"}],"curies":[{"name":"wp","href":"https:\/\/api.w.org\/{rel}","templated":true}]}}