{"id":45,"date":"2025-07-22T12:22:16","date_gmt":"2025-07-22T12:22:16","guid":{"rendered":"https:\/\/weronikaflorian.pl\/?page_id=45"},"modified":"2025-09-24T15:20:56","modified_gmt":"2025-09-24T15:20:56","slug":"oferta","status":"publish","type":"page","link":"https:\/\/weronikaflorian.pl\/index.php\/oferta\/","title":{"rendered":"Oferta"},"content":{"rendered":"\n<div superb-addons-animation=\"fadeInLeft\" class=\"wp-block-group alignfull has-global-padding is-layout-constrained wp-container-core-group-is-layout-11e9e985 wp-block-group-is-layout-constrained\" style=\"margin-top:0;margin-bottom:0;padding-top:var(--wp--preset--spacing--superbspacing-large);padding-right:var(--wp--preset--spacing--superbspacing-large);padding-bottom:var(--wp--preset--spacing--superbspacing-large);padding-left:var(--wp--preset--spacing--superbspacing-small);opacity: 0;\">\n<div class=\"wp-block-group alignwide has-global-padding is-layout-constrained wp-container-core-group-is-layout-58b2f4d9 wp-block-group-is-layout-constrained\">\n<h3 class=\"wp-block-heading has-text-align-center has-featured-color has-text-color has-superbfont-small-font-size\"><\/h3>\n\n\n\n<h2 style=\"opacity: 0;\" superb-addons-animation=\"fadeInLeft\" class=\"wp-block-heading has-text-align-center has-contrast-color has-text-color has-superbfont-xlarge-font-size\">Plany Treningowe<\/h2>\n\n\n\n<p style=\"opacity: 0;\" superb-addons-animation=\"fadeInRight\" class=\"has-text-align-center has-mono-2-color has-text-color has-superbfont-small-font-size\">Skontaktuj si\u0119 ze mn\u0105, dobierzmy plan dostosowany do Ciebie i osi\u0105gnij cel na w\u0142asnych warunkach!<\/p>\n\n\n\n<ul class=\"wp-block-list\">\n<li style=\"opacity: 0;\" superb-addons-animation=\"fadeInLeft\" class=\"has-mono-2-color has-text-color has-link-color wp-elements-bfd28e73c69004f223e9086554f546b6\">Wszystkie plany zawieraj\u0105:<\/li>\n\n\n\n<li style=\"opacity: 0;\" superb-addons-animation=\"fadeInLeft\" class=\"has-mono-2-color has-text-color has-link-color wp-elements-d8935187231aeff34204f9ae6631f45c\"> Indywidualn\u0105 analiz\u0119 celu<\/li>\n\n\n\n<li style=\"opacity: 0;\" superb-addons-animation=\"fadeInLeft\" class=\"has-mono-2-color has-text-color has-link-color wp-elements-ab851bb7878a9f5c322692d766498385\"> Dopasowanie do poziomu zaawansowania<\/li>\n\n\n\n<li style=\"opacity: 0;\" superb-addons-animation=\"fadeInLeft\" class=\"has-mono-2-color has-text-color has-link-color wp-elements-bb2555f19877dc42f59a38fedd2d378e\"> Video i wskaz\u00f3wki<\/li>\n\n\n\n<li style=\"opacity: 0;\" superb-addons-animation=\"fadeInLeft\" class=\"has-mono-2-color has-text-color has-link-color wp-elements-f4c55a7ce462db49dab50b988ee78c0d\"> Mo\u017cliwo\u015b\u0107 kontaktu<\/li>\n<\/ul>\n<\/div>\n\n\n\n<div style=\"opacity: 0;\" superb-addons-animation=\"fadeInRight\" class=\"wp-block-columns is-layout-flex wp-container-core-columns-is-layout-28f84493 wp-block-columns-is-layout-flex\">\n<div class=\"wp-block-column has-border-color has-mono-3-border-color is-layout-flow wp-block-column-is-layout-flow\" style=\"border-width:1px;padding-top:var(--wp--preset--spacing--superbspacing-small);padding-right:var(--wp--preset--spacing--superbspacing-small);padding-bottom:var(--wp--preset--spacing--superbspacing-small);padding-left:var(--wp--preset--spacing--superbspacing-small)\">\n<figure class=\"wp-block-image aligncenter size-full is-resized\"><img loading=\"lazy\" decoding=\"async\" width=\"512\" height=\"512\" src=\"https:\/\/weronikaflorian.pl\/wp-content\/uploads\/2025\/07\/medal-2.png\" alt=\"\" class=\"wp-image-49\" style=\"object-fit:cover;width:48px;height:48px\" srcset=\"https:\/\/weronikaflorian.pl\/wp-content\/uploads\/2025\/07\/medal-2.png 512w, https:\/\/weronikaflorian.pl\/wp-content\/uploads\/2025\/07\/medal-2-300x300.png 300w, https:\/\/weronikaflorian.pl\/wp-content\/uploads\/2025\/07\/medal-2-150x150.png 150w\" sizes=\"auto, (max-width: 512px) 100vw, 512px\" \/><\/figure>\n\n\n\n<h3 class=\"wp-block-heading has-text-align-center has-superbfont-medium-font-size\" style=\"margin-top:0;margin-bottom:0\">Pocz\u0105tkuj\u0105cy<\/h3>\n\n\n\n<p class=\"has-text-align-center has-mono-2-color has-text-color has-link-color has-superbfont-xsmall-font-size wp-elements-bd7b1ae4ec9c925470f9be7888acfe95\" style=\"margin-top:var(--wp--preset--spacing--superbspacing-xxsmall);margin-bottom:0\"><\/p>\n\n\n\n<p class=\"has-text-align-center has-mono-2-color has-text-color has-link-color has-superbfont-xsmall-font-size wp-elements-bfa293a2f44c8bbf2958954b2c6d63d1\" style=\"margin-top:var(--wp--preset--spacing--superbspacing-xxsmall);margin-bottom:0\"><strong>Dla pocz\u0105tkuj\u0105cych lub os\u00f3b potrzebuj\u0105cych konkretnego planu na start<\/strong><br>\u2022 1 plan (4-5 tygodni)<\/p>\n\n\n\n<p class=\"has-text-align-center has-mono-2-color has-text-color has-link-color has-superbfont-xsmall-font-size wp-elements-221fefd246b1de77a21575a927d6ce49\" style=\"margin-top:var(--wp--preset--spacing--superbspacing-xxsmall);margin-bottom:0\"><br>\u2022 Og\u00f3lne wskaz\u00f3wki \u017cywieniowe<\/p>\n\n\n\n<p class=\"has-text-align-center has-mono-2-color has-text-color has-link-color has-superbfont-xsmall-font-size wp-elements-4dc093e64d39630bf9f929afcc260207\" style=\"margin-top:var(--wp--preset--spacing--superbspacing-xxsmall);margin-bottom:0\"><br>\u2022 1 konsultacja (30 minut)<\/p>\n\n\n\n<p class=\"has-text-align-center has-mono-2-color has-text-color has-link-color has-superbfont-xsmall-font-size wp-elements-bd7b1ae4ec9c925470f9be7888acfe95\" style=\"margin-top:var(--wp--preset--spacing--superbspacing-xxsmall);margin-bottom:0\"><\/p>\n<\/div>\n\n\n\n<div class=\"wp-block-column has-border-color has-mono-3-border-color is-layout-flow wp-block-column-is-layout-flow\" style=\"border-width:1px;padding-top:var(--wp--preset--spacing--superbspacing-small);padding-right:var(--wp--preset--spacing--superbspacing-small);padding-bottom:var(--wp--preset--spacing--superbspacing-small);padding-left:var(--wp--preset--spacing--superbspacing-small)\">\n<figure class=\"wp-block-image aligncenter size-full is-resized\"><img loading=\"lazy\" decoding=\"async\" width=\"512\" height=\"512\" src=\"https:\/\/weronikaflorian.pl\/wp-content\/uploads\/2025\/07\/medal-1.png\" alt=\"\" class=\"wp-image-50\" style=\"object-fit:cover;width:48px;height:48px\" srcset=\"https:\/\/weronikaflorian.pl\/wp-content\/uploads\/2025\/07\/medal-1.png 512w, https:\/\/weronikaflorian.pl\/wp-content\/uploads\/2025\/07\/medal-1-300x300.png 300w, https:\/\/weronikaflorian.pl\/wp-content\/uploads\/2025\/07\/medal-1-150x150.png 150w\" sizes=\"auto, (max-width: 512px) 100vw, 512px\" \/><\/figure>\n\n\n\n<h3 class=\"wp-block-heading has-text-align-center has-superbfont-medium-font-size\" style=\"margin-top:0;margin-bottom:0\">\u015aredni<\/h3>\n\n\n\n<p><\/p>\n\n\n\n<p class=\"has-text-align-center has-mono-2-color has-text-color has-link-color has-superbfont-xsmall-font-size wp-elements-56cd02669e5bf064c18716b888b55eb4\" style=\"margin-top:var(--wp--preset--spacing--superbspacing-xxsmall);margin-bottom:0\">\u2022 2 treningi\/tydzie\u0144<\/p>\n\n\n\n<p class=\"has-text-align-center has-mono-2-color has-text-color has-link-color has-superbfont-xsmall-font-size wp-elements-f3769a025cb03252b20406aa2a7b7f98\" style=\"margin-top:var(--wp--preset--spacing--superbspacing-xxsmall);margin-bottom:0\"><br>\u2022 Analiza techniki<\/p>\n\n\n\n<p class=\"has-text-align-center has-mono-2-color has-text-color has-link-color has-superbfont-xsmall-font-size wp-elements-5886a724e593f173dd5c9320b362bb68\" style=\"margin-top:var(--wp--preset--spacing--superbspacing-xxsmall);margin-bottom:0\"><br>\u2022 1 konsultacja (45 minut)<\/p>\n\n\n\n<p class=\"has-text-align-center has-mono-2-color has-text-color has-link-color has-superbfont-xsmall-font-size wp-elements-0592c43b8c88524329793bceb19da6e1\" style=\"margin-top:var(--wp--preset--spacing--superbspacing-xxsmall);margin-bottom:0\"><br>\u2022 Wsparcie przez 30 dni<\/p>\n\n\n\n<p class=\"has-text-align-center has-mono-2-color has-text-color has-link-color has-superbfont-xsmall-font-size wp-elements-bd7b1ae4ec9c925470f9be7888acfe95\" style=\"margin-top:var(--wp--preset--spacing--superbspacing-xxsmall);margin-bottom:0\"><\/p>\n<\/div>\n\n\n\n<div class=\"wp-block-column has-border-color has-mono-3-border-color is-layout-flow wp-block-column-is-layout-flow\" style=\"border-width:1px;padding-top:var(--wp--preset--spacing--superbspacing-small);padding-right:var(--wp--preset--spacing--superbspacing-small);padding-bottom:var(--wp--preset--spacing--superbspacing-small);padding-left:var(--wp--preset--spacing--superbspacing-small)\">\n<figure class=\"wp-block-image aligncenter size-full is-resized\"><img loading=\"lazy\" decoding=\"async\" width=\"512\" height=\"512\" src=\"https:\/\/weronikaflorian.pl\/wp-content\/uploads\/2025\/07\/medal.png\" alt=\"\" class=\"wp-image-51\" style=\"object-fit:cover;width:48px;height:48px\" srcset=\"https:\/\/weronikaflorian.pl\/wp-content\/uploads\/2025\/07\/medal.png 512w, https:\/\/weronikaflorian.pl\/wp-content\/uploads\/2025\/07\/medal-300x300.png 300w, https:\/\/weronikaflorian.pl\/wp-content\/uploads\/2025\/07\/medal-150x150.png 150w\" sizes=\"auto, (max-width: 512px) 100vw, 512px\" \/><\/figure>\n\n\n\n<h3 class=\"wp-block-heading has-text-align-center has-superbfont-medium-font-size\" style=\"margin-top:0;margin-bottom:0\">Zaawansowany<\/h3>\n\n\n\n<p><\/p>\n\n\n\n<p class=\"has-text-align-center has-mono-2-color has-text-color has-link-color has-superbfont-xsmall-font-size wp-elements-dcaf3f6f2d384ea9aa8eb9a8f327152d\" style=\"margin-top:var(--wp--preset--spacing--superbspacing-xxsmall);margin-bottom:0\">\u2022 3 treningi\/tydzie\u0144<br>\u2022 Progresywna adaptacja<\/p>\n\n\n\n<p class=\"has-text-align-center has-mono-2-color has-text-color has-link-color has-superbfont-xsmall-font-size wp-elements-421d69a0859fdae647c580fd0c404a75\" style=\"margin-top:var(--wp--preset--spacing--superbspacing-xxsmall);margin-bottom:0\"><br>\u2022 2 konsultacje (60 minut)<\/p>\n\n\n\n<p class=\"has-text-align-center has-mono-2-color has-text-color has-link-color has-superbfont-xsmall-font-size wp-elements-4b0635bc1f83ee573050c2039c23d9f7\" style=\"margin-top:var(--wp--preset--spacing--superbspacing-xxsmall);margin-bottom:0\"><br>\u2022 Analiza film\u00f3w z treningu<\/p>\n\n\n\n<p class=\"has-text-align-center has-mono-2-color has-text-color has-link-color has-superbfont-xsmall-font-size wp-elements-30897ae072131c2a3ea377755156f8a1\" style=\"margin-top:var(--wp--preset--spacing--superbspacing-xxsmall);margin-bottom:0\"><br>\u2022 Sta\u0142y kontakt<\/p>\n\n\n\n<p class=\"has-text-align-center has-mono-2-color has-text-color has-link-color has-superbfont-xsmall-font-size wp-elements-bd7b1ae4ec9c925470f9be7888acfe95\" style=\"margin-top:var(--wp--preset--spacing--superbspacing-xxsmall);margin-bottom:0\"><\/p>\n<\/div>\n<\/div>\n<\/div>\n\n\n\n<div superb-addons-animation=\"fadeInUp\" class=\"wp-block-cover alignwide\" style=\"border-radius:0px;padding-top:0;padding-bottom:0;opacity: 0;\"><img loading=\"lazy\" decoding=\"async\" width=\"1024\" height=\"685\" class=\"wp-block-cover__image-background wp-image-29 size-large\" alt=\"\" src=\"https:\/\/weronikaflorian.pl\/wp-content\/uploads\/2025\/07\/7E1FCDFD-2309-4BA0-B985-1EE5374AC6A1-1024x685.jpeg\" data-object-fit=\"cover\" srcset=\"https:\/\/weronikaflorian.pl\/wp-content\/uploads\/2025\/07\/7E1FCDFD-2309-4BA0-B985-1EE5374AC6A1-1024x685.jpeg 1024w, https:\/\/weronikaflorian.pl\/wp-content\/uploads\/2025\/07\/7E1FCDFD-2309-4BA0-B985-1EE5374AC6A1-300x201.jpeg 300w, https:\/\/weronikaflorian.pl\/wp-content\/uploads\/2025\/07\/7E1FCDFD-2309-4BA0-B985-1EE5374AC6A1-768x513.jpeg 768w, https:\/\/weronikaflorian.pl\/wp-content\/uploads\/2025\/07\/7E1FCDFD-2309-4BA0-B985-1EE5374AC6A1.jpeg 1080w\" sizes=\"auto, (max-width: 1024px) 100vw, 1024px\" \/><span aria-hidden=\"true\" class=\"wp-block-cover__background has-contrast-dark-background-color has-background-dim-40 has-background-dim\"><\/span><div class=\"wp-block-cover__inner-container is-layout-flow wp-block-cover-is-layout-flow\">\n<div superb-addons-animation=\"fadeInUp\" class=\"wp-block-group alignwide is-vertical is-content-justification-center is-layout-flex wp-container-core-group-is-layout-bd439ebe wp-block-group-is-layout-flex\" style=\"border-radius:20px;padding-top:var(--wp--preset--spacing--superbspacing-xxlarge);padding-right:var(--wp--preset--spacing--superbspacing-xsmall);padding-bottom:var(--wp--preset--spacing--superbspacing-xxlarge);padding-left:var(--wp--preset--spacing--superbspacing-xsmall);opacity: 0;\">\n<div class=\"wp-block-group has-global-padding is-layout-constrained wp-container-core-group-is-layout-85cc789f wp-block-group-is-layout-constrained\">\n<p class=\"has-text-align-center\" style=\"font-size:clamp(15.747px, 0.984rem + ((1vw - 3.2px) * 0.938), 24px);\">KONTAKT<\/p>\n\n\n\n<h1 class=\"wp-block-heading has-text-align-center has-contrast-light-color has-text-color has-superbfont-xxlarge-font-size\">NAPISZ I ZACZNIJ SWOJ\u0104 ZMIAN\u0118<\/h1>\n\n\n\n<p class=\"has-text-align-center has-contrast-light-color has-text-color has-superbfont-medium-font-size\">Napisz mail, znajd\u017a na social mediach lub napisz przez formularz kontaktowy!<\/p>\n<\/div>\n\n\n\n<div class=\"wp-block-buttons wp-container-content-9cfa9a5a is-content-justification-center is-layout-flex wp-container-core-buttons-is-layout-9b2276be wp-block-buttons-is-layout-flex\">\n<div class=\"wp-block-button is-style-outline is-style-outline--1\"><a class=\"wp-block-button__link has-contrast-light-color has-text-color has-link-color has-border-color has-contrast-light-border-color has-superbfont-small-font-size has-custom-font-size wp-element-button\" href=\"https:\/\/www.facebook.com\/weronika.florian\" style=\"border-width:1px\">FACEBOOK<\/a><\/div>\n\n\n\n<div class=\"wp-block-button is-style-outline is-style-outline--2\"><a class=\"wp-block-button__link has-contrast-light-color has-mono-2-background-color has-text-color has-background has-link-color has-superbfont-small-font-size has-custom-font-size wp-element-button\" href=\"https:\/\/www.instagram.com\/wf_dzik\" style=\"border-width:1px\">INSTAGRAM<\/a><\/div>\n\n\n\n<div class=\"wp-block-button is-style-outline is-style-outline--3\"><a class=\"wp-block-button__link has-contrast-dark-color has-contrast-light-background-color has-text-color has-background has-link-color has-superbfont-small-font-size has-custom-font-size wp-element-button\" href=\"mailto:kontakt@weronikaflorian.pl\">KONTAKT<\/a><\/div>\n<\/div>\n<\/div>\n<\/div><\/div>\n","protected":false},"excerpt":{"rendered":"<p>Plany Treningowe Skontaktuj si\u0119 ze mn\u0105, dobierzmy plan dostosowany do Ciebie i osi\u0105gnij cel na w\u0142asnych warunkach! Pocz\u0105tkuj\u0105cy Dla pocz\u0105tkuj\u0105cych lub os\u00f3b potrzebuj\u0105cych konkretnego planu na start\u2022 1 plan (4-5 tygodni) \u2022 Og\u00f3lne wskaz\u00f3wki \u017cywieniowe \u2022 1 konsultacja (30 minut) \u015aredni \u2022 2 treningi\/tydzie\u0144 \u2022 Analiza techniki \u2022 1 konsultacja (45 minut) \u2022 Wsparcie przez [&hellip;]<\/p>\n","protected":false},"author":1,"featured_media":0,"parent":0,"menu_order":0,"comment_status":"closed","ping_status":"closed","template":"page-full-width","meta":{"footnotes":""},"class_list":["post-45","page","type-page","status-publish","hentry"],"_links":{"self":[{"href":"https:\/\/weronikaflorian.pl\/index.php\/wp-json\/wp\/v2\/pages\/45","targetHints":{"allow":["GET"]}}],"collection":[{"href":"https:\/\/weronikaflorian.pl\/index.php\/wp-json\/wp\/v2\/pages"}],"about":[{"href":"https:\/\/weronikaflorian.pl\/index.php\/wp-json\/wp\/v2\/types\/page"}],"author":[{"embeddable":true,"href":"https:\/\/weronikaflorian.pl\/index.php\/wp-json\/wp\/v2\/users\/1"}],"replies":[{"embeddable":true,"href":"https:\/\/weronikaflorian.pl\/index.php\/wp-json\/wp\/v2\/comments?post=45"}],"version-history":[{"count":3,"href":"https:\/\/weronikaflorian.pl\/index.php\/wp-json\/wp\/v2\/pages\/45\/revisions"}],"predecessor-version":[{"id":87,"href":"https:\/\/weronikaflorian.pl\/index.php\/wp-json\/wp\/v2\/pages\/45\/revisions\/87"}],"wp:attachment":[{"href":"https:\/\/weronikaflorian.pl\/index.php\/wp-json\/wp\/v2\/media?parent=45"}],"curies":[{"name":"wp","href":"https:\/\/api.w.org\/{rel}","templated":true}]}}