{"id":70,"date":"2025-08-05T09:13:52","date_gmt":"2025-08-05T09:13:52","guid":{"rendered":"https:\/\/weronikaflorian.pl\/?page_id=70"},"modified":"2025-09-24T15:19:17","modified_gmt":"2025-09-24T15:19:17","slug":"slownik-treningowy","status":"publish","type":"page","link":"https:\/\/weronikaflorian.pl\/index.php\/slownik-treningowy\/","title":{"rendered":""},"content":{"rendered":"\n<h2 class=\"wp-block-heading has-text-align-center\">S\u0141OWNICZEK TRENINGOWY<\/h2>\n\n\n\n<p class=\"has-text-align-center\">Co\u015b co pomo\u017ce Ci w zrozumieniu \u017cargonu treningowego.<\/p>\n\n\n\n<h2 superb-addons-animation=\"fadeInLeft\" class=\"wp-block-heading has-text-align-center\" style=\"margin-top:var(--wp--preset--spacing--superbspacing-large);margin-bottom:0;opacity: 0;\"><strong>\u0106WICZENIA KONDYCYJNE:<\/strong><\/h2>\n\n\n\n<p><strong>RUN <\/strong>\u2013<strong> <\/strong>bieg<\/p>\n\n\n\n<p><strong>SHUTTLE RUN<\/strong> \u2013 bieg wahad\u0142owy<\/p>\n\n\n\n<p><strong>ROW<\/strong> \u2013 wios\u0142owanie na ergometrze wio\u015blarskim<\/p>\n\n\n\n<p><strong>BIKEERG<\/strong> \u2013 rower stacjonarny<\/p>\n\n\n\n<p><strong>AIR BIKE<\/strong> \u2013 rower powietrzny<\/p>\n\n\n\n<p><strong>SKIERG<\/strong> \u2013 ergometr narciarski<br><strong><br>DU (Double Unders)<\/strong> \u2013 podw\u00f3jne skoki na skakance<\/p>\n\n\n\n<p><strong>SU (Single Unders)<\/strong> \u2013 pojedyncze skoki na skakance<\/p>\n\n\n\n<p><strong>JUMPING JACK<\/strong> \u2013 pajacyki<\/p>\n\n\n\n<p><strong>BURPEE<\/strong> \u2013 padnij, powsta\u0144, podskocz, kla\u015bnij nad g\u0142ow\u0105<\/p>\n\n\n\n<p><\/p>\n\n\n\n<h2 style=\"opacity: 0;\" superb-addons-animation=\"fadeInRight\" class=\"wp-block-heading has-text-align-center\"><strong>\u0106WICZENIA G\u00d3RNA CZ\u0118\u015a\u0106 CIA\u0141A:<\/strong><br><\/h2>\n\n\n\n<p><strong>HALO <\/strong>\u2013 okr\u0119\u017cne prowadzenie ci\u0119\u017caru wok\u00f3\u0142 g\u0142owy<\/p>\n\n\n\n<p><strong>PUSH-UP <\/strong>\u2013 pompka, uginanie i prostowanie ramion w podporze przodem<\/p>\n\n\n\n<p><strong>HRPU (Hand Release Push-Up)<\/strong> \u2013 pompka z oderwaniem d\u0142oni od pod\u0142o\u017ca<\/p>\n\n\n\n<p><strong>PIKE PUSH-UP<\/strong> \u2013 pompka w podporze przodem w kszta\u0142cie odwr\u00f3conej litery V<\/p>\n\n\n\n<p><strong>SCARED CROW<\/strong> \u2013 przestraszona wrona, w le\u017ceniu na brzuchu unosisz r\u0119ce nad pod\u0142og\u0105 i prowadzisz je znad g\u0142owy do bioder, a nast\u0119pnie uk\u0142adasz d\u0142onie g\u00f3rn\u0105 cz\u0119\u015bci\u0105 mi\u0119dzy \u0142opatkami<br><strong><br>BENCH PRESS <\/strong>\u2013 wyciskanie sztangi w le\u017ceniu na \u0142awce poziomej<\/p>\n\n\n\n<p><strong>OVERHEAD DUMBBELL PRESS<\/strong> \u2013 wyciskanie hantli nad g\u0142ow\u0119<\/p>\n\n\n\n<p><strong>RENEGADE ROW<\/strong> \u2013 wios\u0142owanie w podporze, ustawienie w podporze przodem z d\u0142o\u0144mi u\u0142o\u017conymi na szeroko\u015b\u0107 bark\u00f3w, a nast\u0119pnie wios\u0142owanie jedn\u0105 r\u0119k\u0105, przyci\u0105gaj\u0105c hantle do klatki piersiowej, utrzymuj\u0105c \u0142okie\u0107 blisko cia\u0142a<br><strong><br>BICEPS CURL<\/strong> \u2013 uginanie przedramion podchwytem np. z hantlami<\/p>\n\n\n\n<p><strong>TRICEPS KICKBACK<\/strong> \u2013 prostowanie przedramienia jednor\u0105cz w kl\u0119ku podpartym na \u0142awce p\u0142askiej<\/p>\n\n\n\n<h2 style=\"opacity: 0;\" superb-addons-animation=\"fadeInLeft\" class=\"wp-block-heading has-text-align-center\"><strong>\u0106WICZENIA DOLNA CZ\u0118\u015a\u0106 CIA\u0141A:<\/strong><\/h2>\n\n\n\n<p><strong>AIR SQUAT <\/strong>\u2013 przysiad z wykorzystaniem w\u0142asnego cia\u0142a<\/p>\n\n\n\n<p><strong>GOBLET SQUAT<\/strong> \u2013 przysiad z hantlem\/kettlebell trzymanym na wysoko\u015bci klatki piersiowej<\/p>\n\n\n\n<p><strong>BULGARIAN SQUAT<\/strong> \u2013 przysiad bu\u0142garski, polega na opuszczeniu bioder z jedn\u0105 nog\u0105 opart\u0105 na \u0142awce z ty\u0142u<br><strong><br>PISTOL SQUAT <\/strong>\u2013 przysiad na jednej nodze<\/p>\n\n\n\n<p><strong>KOZAK SQUAT<\/strong> \u2013 boczny przysiad naprzemienny, przysiad na jedn\u0105 nog\u0119 przy jednoczesnym wypro\u015bcie drugiej nogi w bok<\/p>\n\n\n\n<p><strong>LUNGES <\/strong>\u2013 wykroki<\/p>\n\n\n\n<p><strong>REVERS LUNGES <\/strong>\u2013 zakroki<\/p>\n\n\n\n<p><strong>BOX JUMP <\/strong>\u2013 wskok na skrzyni\u0119<\/p>\n\n\n\n<p><strong>HIP THRUST <\/strong>\u2013 wypychanie bioder, unoszenie bioder w g\u00f3r\u0119 z podparciem g\u00f3rnej cz\u0119\u015bci plec\u00f3w o podwy\u017cszenie<\/p>\n\n\n\n<h2 style=\"opacity: 0;\" superb-addons-animation=\"fadeInLeft\" class=\"wp-block-heading has-text-align-center\"><strong>\u0106WICZENIA ANGA\u017bUJ\u0104CE CA\u0141E CIA\u0141O:<\/strong><\/h2>\n\n\n\n<p><strong>BACK SQUAT <\/strong>\u2013 przysiad ze sztang\u0105 trzyman\u0105 na plecach<\/p>\n\n\n\n<p><strong>FRONT SQUAT <\/strong>\u2013 przysiad ze sztang\u0105 trzyman\u0105 na barkach<\/p>\n\n\n\n<p><strong>GTO (Ground to Overhead) <\/strong>\u2013 uniesieniu ci\u0119\u017caru z ziemi nad g\u0142ow\u0119 w jednym p\u0142ynnym ruchu<\/p>\n\n\n\n<p><strong>TGU (Turkish Get-Up) <\/strong>\u2013 tureckie wstawanie \u2013 wstawanie z ci\u0119\u017carem trzymanym jednor\u0105cz nad g\u0142ow\u0105 z le\u017cenia do stania i z powrotem w spos\u00f3b kontrolowany<\/p>\n\n\n\n<p><strong>DL (Deadlift)<\/strong> \u2013 martwy ci\u0105g, podniesienie ci\u0119\u017caru z ziemi do pozycji stoj\u0105cej<\/p>\n\n\n\n<p><strong>THRUSTER<\/strong> \u2013 przysiad ze sztang\u0105 trzyman\u0105 na barkach po\u0142\u0105czony z wyci\u015bni\u0119ciem sztangi nad g\u0142ow\u0119<\/p>\n\n\n\n<p><strong>CLUSTER<\/strong> \u2013 przysiad ze zwisu (Clean) i wyciskanie nad g\u0142ow\u0119 (Thruster) wykonywane w jednym p\u0142ynnym ruchu<br><br><strong>BENT OVER BARBELL ROW<\/strong> \u2013<strong> <\/strong>wios\u0142owanie sztangi w opadzie tu\u0142owia<\/p>\n\n\n\n<p><strong>SLAMBALL OVER THE SHOULDER<\/strong> \u2013 podnie\u015b pi\u0142k\u0119 lekarsk\u0105 z ziemi i energicznym ruchem przerzu\u0107 j\u0105 za siebie nad ramieniem<\/p>\n\n\n\n<p><strong>WALL BALL<\/strong> \u2013 przysiad z pi\u0142k\u0105 lekarsk\u0105 i dynamiczny wyrzut pi\u0142ki na \u015bcian\u0119 na okre\u015blon\u0105 wysoko\u015b\u0107.<\/p>\n\n\n\n<h2 style=\"opacity: 0;\" superb-addons-animation=\"fadeInRight\" class=\"wp-block-heading has-text-align-center\"><strong>\u0106WICZENIA GIMNASTYCZNE:<\/strong><\/h2>\n\n\n\n<p><strong>PULL &#8211; UP <\/strong>\u2013 podci\u0105gni\u0119cia na dr\u0105\u017cku<\/p>\n\n\n\n<p><strong>KIPPING PULL &#8211; UP<\/strong> \u2013 dynamiczne podci\u0105ganie na dr\u0105\u017cku z zamachem cia\u0142a<\/p>\n\n\n\n<p><strong>BUTTERFLY PULL \u2013 UP<\/strong> \u2013 szybsza i bardziej zaawansowana wersja kippingu, ruch kr\u0105\u017c\u0105cy, p\u0142ynny ruch n\u00f3g i ramion<\/p>\n\n\n\n<p><strong>C2B (Chest to Bar)<\/strong> &#8211; podci\u0105gni\u0119cie z dotkni\u0119ciem klatk\u0105 piersiow\u0105 do dr\u0105\u017cka<\/p>\n\n\n\n<p><strong>K2E (Knees to Elbows)<\/strong> \u2013 przyci\u0105ganie kolan do \u0142okci w zwisie na dr\u0105\u017cku<br><br><strong>T2B (Toes to Bar)<\/strong> \u2013 przyci\u0105ganie st\u00f3p do dr\u0105\u017cka w zwisie na dr\u0105\u017cku<\/p>\n\n\n\n<p><strong>MU (Muscle-Up)<\/strong> \u2013 wspieranie ci\u0105giem na k\u00f3\u0142kach gimnastycznych<\/p>\n\n\n\n<p><strong>BMU (Bar Muscle-Up) <\/strong>\u2013 p\u0142ynne po\u0142\u0105czenie podci\u0105gania z wyprostem r\u0105k nad dr\u0105\u017ckiem<strong>\/ <\/strong>wej\u015bcie si\u0142owe na dr\u0105\u017cek<br><strong><br>DIP <\/strong>\u2013 uginanie i prostowanie ramion w podporze na por\u0119czach\/ ko\u0142ach\/\u0142awce<\/p>\n\n\n\n<p><strong>RING DIP<\/strong> \u2013 pompka na k\u00f3\u0142kach gimnastycznych<\/p>\n\n\n\n<p><strong>HANDSTAND<\/strong> \u2013 stanie na r\u0119kach<\/p>\n\n\n\n<p><strong>HANDSTAND WALK<\/strong> \u2013 chodzenie na r\u0119kach<br><br><strong>HSPU (Handstand Push-Up) <\/strong>\u2013 pompka w staniu na r\u0119kach<\/p>\n\n\n\n<p><strong>HANDSTAND WALL WALK<\/strong> \u2013 wspinanie nogami na \u015bcian\u0119 do stania na r\u0119kach<\/p>\n\n\n\n<p><strong>ROPE CLIMB<\/strong> \u2013 wspinanie si\u0119 po linie<\/p>\n\n\n\n<h2 style=\"opacity: 0;\" superb-addons-animation=\"fadeInRight\" class=\"wp-block-heading has-text-align-center\"><strong>\u0106WICZENIA Z PODNOSZENIA CI\u0118\u017bAR\u00d3W (Weightlifting):<\/strong><\/h2>\n\n\n\n<p><strong>CLEAN \u2013 <\/strong>zarzut sztangi z ziemi i przechwyt na barkach z pe\u0142nym zej\u015bciem do przysiadu<\/p>\n\n\n\n<p><strong>POWER CLEAN <\/strong>\u2013 zarzut sztangi z ziemi i przechwyt na barkach w pozycji p\u00f3\u0142przysiadu<\/p>\n\n\n\n<p><strong>MUSCLE CLEAN <\/strong>\u2013 zarzut si\u0142owy sztangi z ziemi na barki bez uginania n\u00f3g podczas wy\u0142apania<\/p>\n\n\n\n<p><strong>HANG CLEAN <\/strong>\u2013 dynamiczne podci\u0105gni\u0119cie sztangi z pozycji zwisu i przechwyt sztangi na barkach<\/p>\n\n\n\n<p><strong>STRICT PRESS<\/strong> \u2013 wyciskanie si\u0142owe, wyciskanie sztangi nad g\u0142ow\u0119 bez u\u017cycia n\u00f3g<\/p>\n\n\n\n<p><strong>PUSH PRESS<\/strong> \u2013 wyciskopodrzut, wyrzut sztangi nad g\u0142ow\u0119 z wybicia n\u00f3g<\/p>\n\n\n\n<p><strong>PUSH JERK<\/strong> \u2013 wybicie na unik, dynamiczne wybicie sztangi nad g\u0142ow\u0119 z jednoczesnym zej\u015bciem do p\u00f3\u0142przysiadu<\/p>\n\n\n\n<p><strong>SPLIT JERK<\/strong> \u2013 wyrzut sztangi nad g\u0142ow\u0119 z jednoczesnym rozrzutem st\u00f3p (jedna noga do przodu, druga do ty\u0142u)<\/p>\n\n\n\n<p><strong>CLEAN&amp;JERK<\/strong> \u2013 podrzut, dynamiczny zarzut sztangi z ziemi na barki (Clean), a nast\u0119pnie wyrzucenie sztangi nad g\u0142ow\u0119 z jednoczesnym rozrzutem st\u00f3p (Split Jerk)<\/p>\n\n\n\n<p><strong>SNATCH<\/strong> \u2013 rwanie, dynamiczne podniesienie sztangi z ziemi i przeniesienie jej nad g\u0142ow\u0119 w jednym p\u0142ynnym ruchu do siadu, a nast\u0119pnie wstanie z przysiadu ze sztang\u0105 nad g\u0142ow\u0105<\/p>\n\n\n\n<p><strong>POWER SNATCH<\/strong> &#8211; rwanie sztangi z ziemi i przechwyt nad g\u0142ow\u0105 w pozycji p\u00f3\u0142przysiadu<\/p>\n\n\n\n<p><strong>MUSCLE SNATCH<\/strong> \u2013 rwanie si\u0142owe sztangi z ziemi nad g\u0142ow\u0119 bez uginania n\u00f3g podczas wy\u0142apania<\/p>\n\n\n\n<p><strong>OHS (Overhead Squat) <\/strong>\u2013 przysiad rwaniowy, przysiad ze sztang\u0105 trzyman\u0105 nad g\u0142ow\u0105 w szerokim uchwycie<\/p>\n\n\n\n<p><strong>SNATCH BALANCE<\/strong> \u2013 zej\u015bcia rwaniowe, dynamiczne zej\u015bcie do przysiadu pod sztang\u0119, kt\u00f3ra jest trzymana na karku z jednoczesnym wypchni\u0119ciem jej nad g\u0142ow\u0119<\/p>\n\n\n\n<h2 style=\"opacity: 0;\" superb-addons-animation=\"fadeInLeft\" class=\"wp-block-heading has-text-align-center\"><strong>\u0106WICZENIA Z WYKORZYSTANIEM KETTLEBELL:<\/strong><\/h2>\n\n\n\n<p><strong>KB SWING (Kettlebell Swing) <\/strong>\u2013<strong> <\/strong>to \u0107wiczenie, w kt\u00f3rym za pomoc\u0105 odwa\u017cnika kulowego wykonuje si\u0119 ruch wahad\u0142owy<\/p>\n\n\n\n<p><strong>AMERICAN SWING (Swing Ameryka\u0144ski)<\/strong> &#8211; dynamiczny wymach odwa\u017cnika z bioder nad g\u0142ow\u0119 w pe\u0142nym zakresie ruchu<\/p>\n\n\n\n<p><strong>RUSSIAN SWING (Swing Rosyjski) <\/strong>\u2013 dynamiczny wymach odwa\u017cnika z bioder na wysoko\u015b\u0107 klatki piersiowej<\/p>\n\n\n\n<p><strong>KETTLEBELL HIGH PULL<\/strong> \u2013 ci\u0105g ketlta pod brod\u0119, podci\u0105gni\u0119cie odwa\u017cnika z bioder pod brod\u0119, prowadz\u0105c \u0142okcie szeroko i wysoko<\/p>\n\n\n\n<p><strong>KETTLEBELL DEADLIFT ONE LEG<\/strong> \u2013 martwy ci\u0105g na jednej nodze z odwa\u017cnikiem trzymanym obur\u0105cz<\/p>\n\n\n\n<p><strong>KETTLEBELL WINDMILL<\/strong> \u2013 wiatrak z kettlebell \u2013 utrzymanie odwa\u017cnika nad g\u0142ow\u0105 jedn\u0105 r\u0119k\u0105 przy wyprostowanym ramieniu, tu\u0142\u00f3w pochyla si\u0119 bokiem w d\u00f3\u0142 (sk\u0142on boczny), a druga r\u0119ka si\u0119ga wzd\u0142u\u017c nogi<br><strong><br>KB SDHP (Kettlebell Sumo Deadlift High Pull<\/strong>) \u2013 martwy ci\u0105g sumo z uniesieniem odwa\u017cnika do brody<\/p>\n\n\n\n<h2 style=\"opacity: 0;\" superb-addons-animation=\"fadeInRight\" class=\"wp-block-heading has-text-align-center\"><strong>\u0106WICZENIA MI\u0118\u015aNI BRZUCHA:<\/strong><\/h2>\n\n\n\n<p><strong>SIT-UP<\/strong> \u2013 sk\u0142on tu\u0142owia w prz\u00f3d z le\u017cenia do siadu<\/p>\n\n\n\n<p><strong>CRUNCHES<\/strong> \u2013 brzuszki, sk\u0142ony tu\u0142owia w le\u017ceniu na plecach ze zgi\u0119tymi kolanami<\/p>\n\n\n\n<p><strong>PLANK<\/strong> \u2013 deska, utrzymanie cia\u0142a w linii prostej, opieraj\u0105c si\u0119 na przedramionach i palcach st\u00f3p<\/p>\n\n\n\n<p><strong>SIDE PLANK<\/strong> \u2013 deska boczna, utrzymanie cia\u0142a na jednym przedramieniu i boku stopy<\/p>\n\n\n\n<p><strong>COPENHAGEN PLANK<\/strong> \u2013 deska kopenhaska, cia\u0142o jest wyprostowane i podparte na jednym \u0142okciu oraz wewn\u0119trznej kraw\u0119dzi uniesionej stopy opartej na podwy\u017cszeniu, dolna noga uniesiona jest w powietrzu i utrzymana w napi\u0119ciu, a wolna r\u0119ka wyci\u0105gni\u0119ta w g\u00f3r\u0119&nbsp;<\/p>\n\n\n\n<p><strong>RUSSIAN TWIST<\/strong> \u2013 skr\u0119ty, siedz\u0105c z uniesionymi stopami, skr\u0119casz tu\u0142\u00f3w na boki, trzymaj\u0105c r\u0119ce z\u0142\u0105czone lub z obci\u0105\u017ceniem<\/p>\n\n\n\n<p><strong>LEG RAISES<\/strong> \u2013 unoszenie n\u00f3g le\u017c\u0105c na plecach<\/p>\n\n\n\n<p><strong>BICYCLE CRUNCH<\/strong> \u2013 rowerek, le\u017c\u0105c na plecach, wykonujemy naprzemienne skr\u0119ty tu\u0142owia i przyci\u0105ganie kolana do przeciwleg\u0142ego \u0142okcia<\/p>\n\n\n\n<p><strong>V-UP<\/strong> \u2013 le\u017cac p\u0142asko, unosimy jednocze\u015bnie wyprostowane r\u0119ce i nogi tworz\u0105c liter\u0119 \u201eV\u201d<\/p>\n\n\n\n<p><strong>MOUNTAIN CLIMBERS<\/strong> \u2013 wspinaczka, bieg pod g\u00f3rk\u0119, dynamiczne podci\u0105ganie kolana do klatki piersiowej<\/p>\n\n\n\n<p><strong>TOE TOUCHES<\/strong> \u2013 dotykanie palc\u00f3w, le\u017c\u0105c na plecach, unosz\u0105c nogi prosto do g\u00f3ry, si\u0119gamy r\u0119kami do palc\u00f3w st\u00f3p<\/p>\n\n\n\n<p><strong>HOLLOW BODY<\/strong> \u2013 ko\u0142yska, lez\u0105c na plecach, unosimy jednocze\u015bnie nogi i barki, utrzymuj\u0105c napi\u0119cie brzucha i przyklejone plecy do pod\u0142o\u017ca<\/p>\n\n\n\n<h2 style=\"opacity: 0;\" superb-addons-animation=\"fadeInLeft\" class=\"wp-block-heading has-text-align-center\"><strong>FORMY TRENING\u00d3W:<\/strong><\/h2>\n\n\n\n<p><strong>AMRAP (As Many Rounds\/Reps As Possible)<\/strong> \u2013 wykonanie jak najwi\u0119cej rund lub powt\u00f3rze\u0144 w okre\u015blonym czasie.<br><br><strong>EMOM<\/strong> <strong>(Every Minute On The Minute)<\/strong> \u2013 wykonanie okre\u015blonej liczby powt\u00f3rze\u0144 danego \u0107wiczenia w jednej minucie. Je\u015bli sko\u0144czymy przed up\u0142ywem danej minuty \u2013 odpoczywamy do ko\u0144ca tej minuty.<br><br><strong>FT (FOR TIME)<\/strong> \u2013 wykonanie okre\u015blonego zestawu \u0107wicze\u0144 jak najszybciej z zachowaniem poprawnej techniki.<br><br><strong>RFT (Rounds For Time)<\/strong> \u2013 wykonanie okre\u015blonej liczby rund (obwod\u00f3w) jak najszybciej.<\/p>\n\n\n\n<p><strong>BUY IN<\/strong> \u2013 \u0107wiczenie, kt\u00f3re trzeba wykona\u0107 na pocz\u0105tku treningu, zanim przejdziesz do cz\u0119\u015bci g\u0142\u00f3wnej.<br><br><strong>BUY OUT<\/strong> \u2013 \u0107wiczenie, kt\u00f3re trzeba wykona\u0107 na koniec treningu.<br><br><strong>TABATA <\/strong>\u2013 to intensywny trening, kt\u00f3ry polega na wykonaniu \u0107wicze\u0144 w cyklach: 20 sekund maksymalnego wysi\u0142ku, 10 sekund przerwy. 8 rund = \u0142\u0105cznie 4 minuty.<\/p>\n\n\n\n<p><strong>POZOSTA\u0141E:<\/strong><\/p>\n\n\n\n<p><strong>ALT (Alternating) <\/strong>\u2013 na zmian\u0119, jeden raz prawa r\u0119ka, jeden raz lewa r\u0119ka na powt\u00f3rzenie<br><strong>OVER THE SHOULDER <\/strong>\u2013 przez rami\u0119<\/p>\n\n\n\n<p><strong>LEG<\/strong> \u2013 noga<\/p>\n\n\n\n<p><strong>HAND<\/strong> \u2013 r\u0119ka<\/p>\n\n\n\n<p><strong>ARM<\/strong> \u2013 rami\u0119<\/p>\n\n\n\n<p><strong>OVERHEAD<\/strong> \u2013 nad g\u0142ow\u0105<\/p>\n\n\n\n<p><strong>WOD (Workout of The Day) <\/strong>\u2013 trening dnia<br><br><strong>TC (Time Cap) <\/strong>\u2013 limit czasowy w jakim nale\u017cy wykona\u0107 trening<br><strong><br>UB (Unbroken) <\/strong>\u2013 dana liczba powt\u00f3rze\u0144 wykonana bez przerwy<\/p>\n\n\n\n<p><strong>REP (Repetition) <\/strong>\u2013 powt\u00f3rzenie<br><br><strong>NO REP <\/strong>\u2013 niezaliczone powt\u00f3rzenie,<br><br><strong>PR (Personal Record) <\/strong>\u2013 indywidualny, najlepszy, najwy\u017cszy wynik, jaki dana osoba osi\u0105gn\u0119\u0142a w okre\u015blonym \u0107wiczeniu<\/p>\n\n\n\n<p><strong>RM (Repetition Maximum) <\/strong>\u2013 powt\u00f3rzenie wykonane z maksymalnym obci\u0105\u017ceniem<\/p>\n\n\n\n<p><strong>BUMPER, PLATE <\/strong>\u2013 obci\u0105\u017cenie\/talerze na sztang\u0119&nbsp;<\/p>\n\n\n\n<p><strong>DB (Dumbbell)<\/strong> \u2013 hantel<\/p>\n\n\n\n<p><strong>BB (Barbell)<\/strong> \u2013 sztanga<\/p>\n\n\n\n<p><strong>KB (Kettlebell)<\/strong> \u2013 odwa\u017cnik kulowy<\/p>\n\n\n\n<p><strong>TRX<\/strong> \u2013 pasy treningowe<\/p>\n\n\n\n<p><strong>EXERCISE BAND<\/strong> \u2013 guma do \u0107wicze\u0144<br><strong><br>GHD (Glute Ham Developer) <\/strong>&#8211; to sprz\u0119t sportowy, kt\u00f3ry pierwotnie s\u0142u\u017cy\u0142 do treningu mi\u0119\u015bni po\u015bladkowych i tylnej cz\u0119\u015bci uda (Hamstrings), ale jest r\u00f3wnie\u017c powszechnie wykorzystywany do \u0107wicze\u0144 mi\u0119\u015bni brzucha.<strong><br><br><\/strong><\/p>\n\n\n\n<p><strong>\u0179r\u00f3d\u0142a:<\/strong><strong><br><\/strong>1. \u201eAtlas treningu si\u0142owego. Podej\u015bcie anatomiczne\u201d \u2013 Fr\u00e9d\u00e9ric Delavier<\/p>\n\n\n\n<p>2. \u201eAnatomia w treningu si\u0142owym i fitness\u201d \u2013 Mark Vella<\/p>\n\n\n\n<p>3. \u201eModelowanie sylwetki metod\u0105 Delaviera\u201d \u2013 Frederic Delavier, Michael Gundill<br><\/p>\n\n\n\n<p style=\"margin-top:0;margin-right:0;margin-bottom:0;margin-left:0\">4. W\u0142asna wiedza i do\u015bwiadczenie zdobyte podczas trening\u00f3w oraz pracy nad sylwetk\u0105.<br><\/p>\n\n\n\n<div superb-addons-animation=\"fadeInLeft\" class=\"wp-block-group alignfull has-global-padding is-layout-constrained wp-container-core-group-is-layout-4aa643fe wp-block-group-is-layout-constrained\" style=\"margin-top:0;margin-bottom:0;padding-top:var(--wp--preset--spacing--superbspacing-large);padding-right:var(--wp--preset--spacing--superbspacing-small);padding-bottom:var(--wp--preset--spacing--superbspacing-large);padding-left:var(--wp--preset--spacing--superbspacing-small);opacity: 0;\">\n<div class=\"wp-block-cover alignwide\" style=\"border-radius:0px\"><img loading=\"lazy\" decoding=\"async\" width=\"1024\" height=\"685\" class=\"wp-block-cover__image-background wp-image-29 size-large\" alt=\"\" src=\"https:\/\/weronikaflorian.pl\/wp-content\/uploads\/2025\/07\/7E1FCDFD-2309-4BA0-B985-1EE5374AC6A1-1024x685.jpeg\" data-object-fit=\"cover\" srcset=\"https:\/\/weronikaflorian.pl\/wp-content\/uploads\/2025\/07\/7E1FCDFD-2309-4BA0-B985-1EE5374AC6A1-1024x685.jpeg 1024w, https:\/\/weronikaflorian.pl\/wp-content\/uploads\/2025\/07\/7E1FCDFD-2309-4BA0-B985-1EE5374AC6A1-300x201.jpeg 300w, https:\/\/weronikaflorian.pl\/wp-content\/uploads\/2025\/07\/7E1FCDFD-2309-4BA0-B985-1EE5374AC6A1-768x513.jpeg 768w, https:\/\/weronikaflorian.pl\/wp-content\/uploads\/2025\/07\/7E1FCDFD-2309-4BA0-B985-1EE5374AC6A1.jpeg 1080w\" sizes=\"auto, (max-width: 1024px) 100vw, 1024px\" \/><span aria-hidden=\"true\" class=\"wp-block-cover__background has-contrast-dark-background-color has-background-dim-40 has-background-dim\"><\/span><div class=\"wp-block-cover__inner-container is-layout-flow wp-block-cover-is-layout-flow\">\n<div class=\"wp-block-group alignwide is-vertical is-content-justification-center is-layout-flex wp-container-core-group-is-layout-bd439ebe wp-block-group-is-layout-flex\" style=\"border-radius:20px;padding-top:var(--wp--preset--spacing--superbspacing-xxlarge);padding-right:var(--wp--preset--spacing--superbspacing-xsmall);padding-bottom:var(--wp--preset--spacing--superbspacing-xxlarge);padding-left:var(--wp--preset--spacing--superbspacing-xsmall)\">\n<div class=\"wp-block-group has-global-padding is-layout-constrained wp-container-core-group-is-layout-85cc789f wp-block-group-is-layout-constrained\">\n<p class=\"has-text-align-center\" style=\"font-size:clamp(15.747px, 0.984rem + ((1vw - 3.2px) * 0.938), 24px);\">KONTAKT<\/p>\n\n\n\n<h1 class=\"wp-block-heading has-text-align-center has-contrast-light-color has-text-color has-superbfont-xxlarge-font-size\">NAPISZ I ZACZNIJ SWOJ\u0104 ZMIAN\u0118<\/h1>\n\n\n\n<p class=\"has-text-align-center has-contrast-light-color has-text-color has-superbfont-medium-font-size\">Napisz mail, znajd\u017a na social mediach lub napisz przez formularz kontaktowy!<\/p>\n<\/div>\n\n\n\n<div class=\"wp-block-buttons wp-container-content-9cfa9a5a is-content-justification-center is-layout-flex wp-container-core-buttons-is-layout-9b2276be wp-block-buttons-is-layout-flex\">\n<div class=\"wp-block-button is-style-outline is-style-outline--1\"><a class=\"wp-block-button__link has-contrast-light-color has-text-color has-link-color has-border-color has-contrast-light-border-color has-superbfont-small-font-size has-custom-font-size wp-element-button\" href=\"https:\/\/www.facebook.com\/weronika.florian\" style=\"border-width:1px\">FACEBOOK<\/a><\/div>\n\n\n\n<div class=\"wp-block-button is-style-outline is-style-outline--2\"><a class=\"wp-block-button__link has-contrast-light-color has-mono-2-background-color has-text-color has-background has-link-color has-superbfont-small-font-size has-custom-font-size wp-element-button\" href=\"https:\/\/www.instagram.com\/wf_dzik\" style=\"border-width:1px\">INSTAGRAM<\/a><\/div>\n\n\n\n<div class=\"wp-block-button is-style-outline is-style-outline--3\"><a class=\"wp-block-button__link has-contrast-dark-color has-contrast-light-background-color has-text-color has-background has-link-color has-superbfont-small-font-size has-custom-font-size wp-element-button\" href=\"mailto:kontakt@weronikaflorian.pl\">KONTAKT<\/a><\/div>\n<\/div>\n<\/div>\n<\/div><\/div>\n<\/div>\n","protected":false},"excerpt":{"rendered":"<p>S\u0141OWNICZEK TRENINGOWY Co\u015b co pomo\u017ce Ci w zrozumieniu \u017cargonu treningowego. \u0106WICZENIA KONDYCYJNE: RUN \u2013 bieg SHUTTLE RUN \u2013 bieg wahad\u0142owy ROW \u2013 wios\u0142owanie na ergometrze wio\u015blarskim BIKEERG \u2013 rower stacjonarny AIR BIKE \u2013 rower powietrzny SKIERG \u2013 ergometr narciarskiDU (Double Unders) \u2013 podw\u00f3jne skoki na skakance SU (Single Unders) \u2013 pojedyncze skoki na skakance JUMPING [&hellip;]<\/p>\n","protected":false},"author":1,"featured_media":0,"parent":0,"menu_order":0,"comment_status":"closed","ping_status":"closed","template":"","meta":{"footnotes":""},"class_list":["post-70","page","type-page","status-publish","hentry"],"_links":{"self":[{"href":"https:\/\/weronikaflorian.pl\/index.php\/wp-json\/wp\/v2\/pages\/70","targetHints":{"allow":["GET"]}}],"collection":[{"href":"https:\/\/weronikaflorian.pl\/index.php\/wp-json\/wp\/v2\/pages"}],"about":[{"href":"https:\/\/weronikaflorian.pl\/index.php\/wp-json\/wp\/v2\/types\/page"}],"author":[{"embeddable":true,"href":"https:\/\/weronikaflorian.pl\/index.php\/wp-json\/wp\/v2\/users\/1"}],"replies":[{"embeddable":true,"href":"https:\/\/weronikaflorian.pl\/index.php\/wp-json\/wp\/v2\/comments?post=70"}],"version-history":[{"count":8,"href":"https:\/\/weronikaflorian.pl\/index.php\/wp-json\/wp\/v2\/pages\/70\/revisions"}],"predecessor-version":[{"id":86,"href":"https:\/\/weronikaflorian.pl\/index.php\/wp-json\/wp\/v2\/pages\/70\/revisions\/86"}],"wp:attachment":[{"href":"https:\/\/weronikaflorian.pl\/index.php\/wp-json\/wp\/v2\/media?parent=70"}],"curies":[{"name":"wp","href":"https:\/\/api.w.org\/{rel}","templated":true}]}}